{"id":14212,"date":"2019-10-01T13:09:15","date_gmt":"2019-10-01T11:09:15","guid":{"rendered":"http:\/\/lp.u-form.de\/lp\/?page_id=14212"},"modified":"2023-08-04T08:19:28","modified_gmt":"2023-08-04T07:19:28","slug":"tipps-fuer-die-praktische-abschlusspruefung-fachinformatiker-anwendungsentwicklung","status":"publish","type":"page","link":"https:\/\/lp.u-form.de\/lp\/tipps-fuer-die-praktische-abschlusspruefung-fachinformatiker-anwendungsentwicklung\/","title":{"rendered":"Tipps f\u00fcr die praktische Abschlusspr\u00fcfung | Fachinformatiker\/-in Anwendungsentwicklung"},"content":{"rendered":"\n<img decoding=\"async\" src=\"\/lp\/wp-content\/uploads\/2019\/10\/pr\u00e4sentation_prakt_pr\u00fcfung-e1569935820434.jpg\" alt=\"Praktische Abschlusspr\u00fcfung - Report, Fachgespr\u00e4ch, Pr\u00e4sentation\" class=\"title-img-page-id-14212\" width=\"100%\" height=\"auto\">\n\n\n\n<p>Die <strong>Pr\u00e4sentation<\/strong> deines Projekts sowie das damit verbundene <strong>Fachgespr\u00e4ch<\/strong> flie\u00dfen jeweils zu 25 % in die Gesamtnote deiner <strong>Abschlusspr\u00fcfung Teil A<\/strong> mit ein. Das bedeutet, dass du in diesen Pr\u00fcfungsteilen noch richtig Punkte gut machen kannst. Im schlimmsten Fall kannst du dir hier aber auch die komplette Endnote versauen. Um das Risiko zu minimieren, ist eine gute Vorbereitung also Pflicht.<\/p>\n\n\n\n<p>Damit deine praktische Pr\u00fcfung zum Fachinformatiker \/ zur Fachinformatikerin f\u00fcr Anwendungsentwicklung auf jeden Fall ein Erfolg wird, haben hier einige wertvolle Tipps f\u00fcr dich zusammengestellt: <\/p>\n\n\n\n<div class=\"headline-yellow\"><h2>Tipps f\u00fcr die Pr\u00e4sentation und das Fachgespr\u00e4ch<\/h2><\/div>\n\n\n\n<div class=\"su-accordion su-u-trim acc-tipps-gelb\"><div class=\"su-spoiler su-spoiler-style-default su-spoiler-icon-plus\" data-scroll-offset=\"0\" data-anchor-in-url=\"no\"><div class=\"su-spoiler-title\" tabindex=\"0\" role=\"button\"><span class=\"su-spoiler-icon\"><\/span>Die Verpackung z\u00e4hlt mit!<\/div><div class=\"su-spoiler-content su-u-clearfix su-u-trim\">Klar geht es in deiner Pr\u00fcfung prim\u00e4r um die Inhalte, um dein Projekt und das, was du dazu zu sagen hast. Aber die Verpackung z\u00e4hlt einfach mit! Daher lohnt es sich immer, etwas Zeit und M\u00fche in deine Pr\u00e4sentation zu investieren. Beachte in diesem Zusammenhang besonders folgende Punkte:\n<ul>\n<li>Nicht mehr als 7 Inhalte auf einer Folie<\/li>\n<li>Keine Texte, sondern Stichpunkte &#8211; hier gilt: &#8222;Weniger ist mehr!&#8220;<\/li>\n<li>Achte auf ausreichend &#8222;Wei\u00dfraum&#8220;, also gro\u00dfz\u00fcgige Zeilenabst\u00e4nde<\/li>\n<li>Verwende gut lesbare, ausreichend gro\u00dfe Schriften<\/li>\n<li>Nutze grafische Darstellungen f\u00fcr komplexe Sachverhalte z.B. Bilder oder Ablaufdiagramme<\/li>\n<li>Gestalte die Pr\u00e4sentation eher clean als bunt &#8211; verzichte auf wilde Animationen oder Wordart<\/li>\n<li>Vermeide unbedingt Rechtschreib- und Grammatikfehler<\/li>\n<\/ul><\/div><\/div>\n<div class=\"su-spoiler su-spoiler-style-default su-spoiler-icon-plus su-spoiler-closed\" data-scroll-offset=\"0\" data-anchor-in-url=\"no\"><div class=\"su-spoiler-title\" tabindex=\"0\" role=\"button\"><span class=\"su-spoiler-icon\"><\/span>\u00dcbung macht den Meister!<\/div><div class=\"su-spoiler-content su-u-clearfix su-u-trim\">Beim Programmieren macht dir so schnell keiner was vor, aber Pr\u00e4sentieren ist nicht so dein Ding? Damit bist du ganz sicher nicht alleine. Fakt ist aber: Je flie\u00dfender und selbstsicherer du deine Inhalte vortragen kannst, desto mehr kannst du bei den Pr\u00fcfern punkten. Und da hilft nur ein: \u00dcben, \u00fcben, \u00fcben!<br>\nAm besten probst du deine Pr\u00e4sentation mehrfach vor deinem Ausbilder oder anderen Azubi-Kollegen. Denn es ist etwas anderes, wenn man sich seine Inhalte selbst erz\u00e4hlt oder vor anderen steht. Bitte deine Zuh\u00f6rer stets um ein ehrliches Feedback, denn nur so kannst du wirklich besser werden.<\/div><\/div>\n<div class=\"su-spoiler su-spoiler-style-default su-spoiler-icon-plus su-spoiler-closed\" data-scroll-offset=\"0\" data-anchor-in-url=\"no\"><div class=\"su-spoiler-title\" tabindex=\"0\" role=\"button\"><span class=\"su-spoiler-icon\"><\/span>Technik vorher pr\u00fcfen!<\/div><div class=\"su-spoiler-content su-u-clearfix su-u-trim\">Wer wei\u00df es besser als du \u2013 IT und Hardware machen nicht immer das, was man von ihnen erwartet. Daher kl\u00e4re vorher, wie das mit der Technik ist. Denn nicht jede IHK ist technisch auf dem neuesten Stand. Mach eine Technik-Checkliste und ber\u00fccksichtige dabei insbesondere folgende Aspekte:\n<ul><li>Musst Du einen Beamer mitbringen oder gibt es einen Beamer vor Ort?<\/li>\n<li>Welchen Anschluss hat der Beamer, HDMI oder VGA?<\/li>\n<li>Brauchst du vielleicht einen speziellen Adapter?<\/li>\n<li>Hat der Pr\u00e4senter noch ausreichend Batterieladung?<\/li>\n<li>Lege eine Pr\u00e4sentation f\u00fcr den Notfall auf einem USB-Stick an!<\/li> \n<\/div><\/div>\n<div class=\"su-spoiler su-spoiler-style-default su-spoiler-icon-plus su-spoiler-closed\" data-scroll-offset=\"0\" data-anchor-in-url=\"no\"><div class=\"su-spoiler-title\" tabindex=\"0\" role=\"button\"><span class=\"su-spoiler-icon\"><\/span>Ankn\u00fcpfungspunkte finden!<\/div><div class=\"su-spoiler-content su-u-clearfix su-u-trim\">\u00dcberleg dir schon beim \u00dcben deiner Pr\u00e4sentation, was dich die Pr\u00fcfer anschlie\u00dfend dazu fragen k\u00f6nnten. Welche Themen bieten Ankn\u00fcpfungspunkt f\u00fcr ein detailliertes Fachgespr\u00e4ch? Und darauf solltest du dann besonders gut vorbereitet sein.<br>\nWenn du zu den Kandidaten geh\u00f6rst, die froh sind, wenn sie die Pr\u00e4sentation hinter sich haben und es lieber kurz und knapp m\u00f6gen, dann sei dir eins bewusst: Je schneller du bist, desto mehr Zeit haben deine Pr\u00fcfer sp\u00e4ter f\u00fcr R\u00fcckfragen. Also nutze die verf\u00fcgbare Pr\u00e4sentationszeit und hetz dich nicht!\n<\/div><\/div>\n<div class=\"su-spoiler su-spoiler-style-default su-spoiler-icon-plus su-spoiler-closed\" data-scroll-offset=\"0\" data-anchor-in-url=\"no\"><div class=\"su-spoiler-title\" tabindex=\"0\" role=\"button\"><span class=\"su-spoiler-icon\"><\/span>Tritt selbstsicher auf!<\/div><div class=\"su-spoiler-content su-u-clearfix su-u-trim\">Leicht gesagt, wenn man total nerv\u00f6s ist. Ja, aber je sicherer und ruhiger du wirkst, desto kompetenter kommst du r\u00fcber. Versuch deinen Pr\u00fcfern stets in die Augen zu schauen, auch wenn es schwer f\u00e4llt. Das ist ein klarer Ausdruck von gro\u00dfer Selbstsicherheit und kommt immer gut an.<br>Wenn dir deine Pr\u00fcfer etwas zum Trinken anbieten, nimm es auf jeden Fall an, auch wenn du gerade vielleicht gar keinen Durst hast oder Wasser normalerweise nicht gerne trinkst. Denn wenn du einmal unsicher sein solltest oder nicht weiter wei\u00dft, dann kannst du eine kurze Pause einlegen und in aller Ruhe einen Schluck trinken. So verschaffst du dir Zeit zum Nachdenken und kannst auch mal kurz durchatmen. \n<\/div><\/div>\n<div class=\"su-spoiler su-spoiler-style-default su-spoiler-icon-plus su-spoiler-closed\" data-scroll-offset=\"0\" data-anchor-in-url=\"no\"><div class=\"su-spoiler-title\" tabindex=\"0\" role=\"button\"><span class=\"su-spoiler-icon\"><\/span>Nett sein schadet nie!<\/div><div class=\"su-spoiler-content su-u-clearfix su-u-trim\">Wir Menschen umgeben uns lieber mit netten Menschen und bewerten diese insgesamt auch positiver. &#8222;Nett sein&#8220; lohnt sich daher in der Pr\u00fcfung auf jeden Fall. Sag beim Reinkommen freundlich allen Anwesenden &#8222;Guten Tag!&#8220; und bedanke dich nach der Pr\u00e4sentation h\u00f6flich f\u00fcr die Aufmerksamkeit deiner Zuh\u00f6rer. Freundlichkeit tut nicht weh und schadet auf keinen Fall. <\/div><\/div>\n<\/div>\n","protected":false},"excerpt":{"rendered":"<p>Die Pr\u00e4sentation deines Projekts sowie das damit verbundene Fachgespr\u00e4ch flie\u00dfen jeweils zu 25 % in die Gesamtnote deiner Abschlusspr\u00fcfung Teil A mit ein. Das bedeutet, dass du in diesen Pr\u00fcfungsteilen noch richtig Punkte gut machen kannst. Im schlimmsten Fall kannst du dir hier aber auch die komplette Endnote versauen. Um das Risiko zu minimieren, ist &hellip; <a href=\"https:\/\/lp.u-form.de\/lp\/tipps-fuer-die-praktische-abschlusspruefung-fachinformatiker-anwendungsentwicklung\/\" class=\"more-link\"><span class=\"screen-reader-text\">Tipps f\u00fcr die praktische Abschlusspr\u00fcfung | Fachinformatiker\/-in Anwendungsentwicklung<\/span> weiterlesen<\/a><\/p>\n","protected":false},"author":1,"featured_media":0,"parent":0,"menu_order":0,"comment_status":"closed","ping_status":"closed","template":"","meta":{"inline_featured_image":false,"footnotes":""},"class_list":["post-14212","page","type-page","status-publish","hentry","no-featured-image"],"aioseo_notices":[],"_links":{"self":[{"href":"https:\/\/lp.u-form.de\/lp\/wp-json\/wp\/v2\/pages\/14212","targetHints":{"allow":["GET"]}}],"collection":[{"href":"https:\/\/lp.u-form.de\/lp\/wp-json\/wp\/v2\/pages"}],"about":[{"href":"https:\/\/lp.u-form.de\/lp\/wp-json\/wp\/v2\/types\/page"}],"author":[{"embeddable":true,"href":"https:\/\/lp.u-form.de\/lp\/wp-json\/wp\/v2\/users\/1"}],"replies":[{"embeddable":true,"href":"https:\/\/lp.u-form.de\/lp\/wp-json\/wp\/v2\/comments?post=14212"}],"version-history":[{"count":30,"href":"https:\/\/lp.u-form.de\/lp\/wp-json\/wp\/v2\/pages\/14212\/revisions"}],"predecessor-version":[{"id":16417,"href":"https:\/\/lp.u-form.de\/lp\/wp-json\/wp\/v2\/pages\/14212\/revisions\/16417"}],"wp:attachment":[{"href":"https:\/\/lp.u-form.de\/lp\/wp-json\/wp\/v2\/media?parent=14212"}],"curies":[{"name":"wp","href":"https:\/\/api.w.org\/{rel}","templated":true}]}}