{"id":14527,"date":"2019-11-05T17:43:23","date_gmt":"2019-11-05T15:43:23","guid":{"rendered":"http:\/\/lp.u-form.de\/lp\/?page_id=14527"},"modified":"2020-02-20T16:47:59","modified_gmt":"2020-02-20T15:47:59","slug":"tipps-fuer-die-muendliche-abschlusspruefung-industriekaufmann-industriekauffrau","status":"publish","type":"page","link":"https:\/\/lp.u-form.de\/lp\/tipps-fuer-die-muendliche-abschlusspruefung-industriekaufmann-industriekauffrau\/","title":{"rendered":"Tipps f\u00fcr die m\u00fcndliche Abschlusspr\u00fcfung | Industriekaufmann \/ Industriekauffrau"},"content":{"rendered":"\n<img decoding=\"async\" src=\"\/lp\/wp-content\/uploads\/2019\/08\/bg_prakt_b\u00fcro_head-e1565603310933.jpg\" alt=\"Tipps M\u00fcndliche Pr\u00fcfung\" class=\"title-img-page-id-64\" width=\"100%\" height=\"auto\">\n\n\n\n<p>Das so genannte <strong><em>\u201eEinsatzgebiet\u201c<\/em><\/strong> ist der praktische Teil deiner <strong>Abschlusspr\u00fcfung zum Industriekaufmann bzw. zur Industiekauffrau<\/strong>.<br>Hier sollst du mit einem <strong>Report<\/strong>, einer <strong>Pr\u00e4sentation<\/strong> und einem <strong>Fachgespr\u00e4ch<\/strong> beweisen, dass du eine komplexe Fachaufgabe aus dem Fachbereich <em><strong>\u201eGesch\u00e4ftsprozesse\u201c<\/strong><\/em> selbstst\u00e4ndig bearbeiten und l\u00f6sen kannst. <\/p>\n\n\n\n<p>\u00dcberlege dir im Vorfeld sorgf\u00e4ltig, welches Thema du w\u00e4hlst. Nimm am besten ein <u>Beispiel aus deiner t\u00e4glichen Arbeit<\/u>, weil das kannst du und dazu wird dir auch die Beantwortung von Fragen leichtfallen. Au\u00dferdem sind die Pr\u00fcfer in der Theorie wahrscheinlich fitter als du \u2013 in deiner beruflichen Praxis kennen sie sich dagegen aber nicht so gut aus wie du. <\/p>\n\n\n\n<p>Der <strong>Report<\/strong> ist die Basis f\u00fcr deine Pr\u00e4sentation und sollte <strong>nicht l\u00e4nger als ca. 5 Seiten<\/strong> sein. Du kannst zu den 5 Seiten noch betriebs\u00fcbliche Unterlagen z. B. eine Rechnung oder \u00c4hnliches als Anlage hinzuf\u00fcgen. <br>Auch wenn der Report nicht bewertet wird \u2013 er gibt den Pr\u00fcfern ein erstes Bild von dir und deiner Arbeit. Daher lohnt es sich, auch hier ein bisschen Zeit und M\u00fche rein zu investieren und auf Dinge wie Rechtschreibung und Grammatik zu achten. <\/p>\n\n\n\n<p>Richtig ernst wird es dann bei der <strong>Pr\u00e4sentation<\/strong> deines Reports. Jetzt hei\u00dft es, die IHK Pr\u00fcfer davon zu \u00fcberzeugen, dass du ein guter Industriekaufmann oder eine gute Industriekauffrau bist!<br>Die Pr\u00e4sentation ist nur ein Leitfaden, daher verzichte auf lange Texte und schreibe wichtige Dinge nur stickpunktartig nieder. Die Pr\u00fcfer sollen dir zuh\u00f6ren und nicht deine Charts lesen. Verzichte auch auf alles, was von dir und deinem Vortrag ablenken k\u00f6nnte \u2013 z. B. wilde Animationen oder Ger\u00e4uscheffekte.<br>\u00dcberlege dir vorher genau, wo die IHK Pr\u00fcfer im anschlie\u00dfenden <strong>Fachgespr\u00e4ch<\/strong> noch n\u00e4her nachfragen oder thematisch ankn\u00fcpfen k\u00f6nnten. Handelt es sich bei deinem Ausbildungsunternehmen beispielsweise um eine GmbH &amp; Co. KG, dann solltest du die Rechtsformen auf jeden Fall k\u00f6nnen. Sprichst du in deiner Pr\u00e4sentation z. B. \u00fcber die Abwicklung einer Bestellung, dann bietet es sich f\u00fcr die Pr\u00fcfer an, hier im Anschluss anzukn\u00fcpfen und nach den Umgang mit M\u00e4ngeln oder \u00c4hnlichem zu fragen.  <\/p>\n\n\n<div class='white' style='background:rgba(0, 0, 0, 0); border:solid 0px rgba(217, 233, 244, 0.5); border-radius:0px; padding:10px 0px 10px 0px;'>\n<div id='slider_7509' class='owl-carousel sa_owl_theme owl-pagination-true autohide-arrows' data-slider-id='slider_7509' style='visibility:hidden;'>\n<div id='slider_7509_slide01' class='sa_hover_container' style='padding:1% 0.5%; margin:0px 3%; background-color:rgba(0, 105, 180, 0.09); '><div class=\"slider-img\"><a href=\"https:\/\/www.u-form-shop.de\/Kauffrau-%2f-Kaufmann%26nbsp%3bfuer-Bueromanagement-Lerntrainer-Wahlqualifikation-Assistenz-und-Sekretariat-%26nbsp%3b-1\" rel=\"noopener\" target=\"_blank\"><img loading=\"lazy\" decoding=\"async\" src=\"\/lp\/wp-content\/uploads\/2023\/08\/2310-Bueromanagement-Lerntrainer-Assistenz-und-Sekretariat.png\" alt=\"Lerntrainer Wahlqualifikation Assistenz und Sekretariat Abschlusspr\u00fcfung Kaufmann \/ Kauffrau f\u00fcr B\u00fcromanagement\" width=\"300\" height=\"201\" class=\"alignnone size-medium wp-image-7546\" \/><\/a><\/div>\r\n<div class=\"slider-cap-l1\"><p>Lerntrainer Wahlqualifikation<\/p><\/div>\r\n<div class=\"slider-cap-l2\"><p>Assistenz und Sekretariat<\/p><\/div>\r\n<a href=\"https:\/\/www.u-form-shop.de\/Kauffrau-%2f-Kaufmann%26nbsp%3bfuer-Bueromanagement-Lerntrainer-Wahlqualifikation-Assistenz-und-Sekretariat-%26nbsp%3b-1\" rel=\"noopener\" target=\"_blank\">\r\n<div class=\"slider-btn\"><p>Details<\/p><\/div>\r\n<\/a><\/div>\n<div id='slider_7509_slide02' class='sa_hover_container' style='padding:1% 0.5%; margin:0px 3%; background-color:rgba(0, 105, 180, 0.03); '><div class=\"slider-img\"><a href=\"https:\/\/www.u-form-shop.de\/Kauffrau-%2f-Kaufmann%26nbsp%3bfuer-Bueromanagement-Lerntrainer-Wahlqualifikation-%26nbsp%3bPersonalwirtschaft-%26nbsp%3b-1\" rel=\"noopener\" target=\"_blank\"><img loading=\"lazy\" decoding=\"async\" src=\"\/lp\/wp-content\/uploads\/2023\/08\/2311-Bueromanagement-Lerntrainer-Personalwirtschaft.png\" alt=\"Lerntrainer Wahlqualifikation Personalwirtschaft Abschlusspr\u00fcfung Kaufmann \/ Kauffrau f\u00fcr B\u00fcromanagement\" width=\"300\" height=\"211\" class=\"alignnone size-medium wp-image-7548\" \/><\/a><\/div>\r\n<div class=\"slider-cap-l1\"><p>Lerntrainer Wahlqualifikation<\/p><\/div>\r\n<div class=\"slider-cap-l2\"><p>Personalwirtschaft<\/p><\/div>\r\n<a href=\"https:\/\/www.u-form-shop.de\/Kauffrau-%2f-Kaufmann%26nbsp%3bfuer-Bueromanagement-Lerntrainer-Wahlqualifikation-%26nbsp%3bPersonalwirtschaft-%26nbsp%3b-1\" rel=\"noopener\" target=\"_blank\">\r\n<div class=\"slider-btn\"><p>Details<\/p><\/div>\r\n<\/a><\/div>\n<div id='slider_7509_slide03' class='sa_hover_container' style='padding:1% 0.5%; margin:0px 3%; background-color:rgba(0, 105, 180, 0.09); '><div class=\"slider-img\"><a href=\"https:\/\/www.u-form-shop.de\/Kauffrau-%2f-Kaufmann%26nbsp%3bfuer-Bueromanagement-Lerntrainer-Wahlqualifikation-%26nbsp%3bKaufmaennische-Ablaeufe-in-KMU%26nbsp%3b-%26nbsp%3b-1\" rel=\"noopener\" target=\"_blank\"><img loading=\"lazy\" decoding=\"async\" src=\"\/lp\/wp-content\/uploads\/2023\/08\/2312-Bueromanagement-Lerntrainer-Kaufmaennische-Ablaeufe-KMU.png\" alt=\"Lerntrainer Wahlqualifikation Kaufm\u00e4nnische Abl\u00e4ufe in KMU Abschlusspr\u00fcfung Kaufmann \/ Kauffrau f\u00fcr B\u00fcromanagement\" width=\"300\" height=\"201\" class=\"alignnone size-medium wp-image-7550\" \/><\/a><\/div>\r\n<div class=\"slider-cap-l1\"><p>Lerntrainer Wahlqualifikation<\/p><\/div>\r\n<div class=\"slider-cap-l2\"><p>Kaufm\u00e4nnische Abl\u00e4ufe in KMU<\/p><\/div>\r\n<a href=\"https:\/\/www.u-form-shop.de\/Kauffrau-%2f-Kaufmann%26nbsp%3bfuer-Bueromanagement-Lerntrainer-Wahlqualifikation-%26nbsp%3bKaufmaennische-Ablaeufe-in-KMU%26nbsp%3b-%26nbsp%3b-1\" rel=\"noopener\" target=\"_blank\">\r\n<div class=\"slider-btn\"><p>Details<\/p><\/div>\r\n<\/a><\/div>\n<div id='slider_7509_slide04' class='sa_hover_container' style='padding:1% 0.5%; margin:0px 3%; background-color:rgba(0, 105, 180, 0.03); '><div class=\"slider-img\"><a href=\"https:\/\/www.u-form-shop.de\/Kauffrau-%2f-Kaufmann%26nbsp%3bfuer-Bueromanagement-Lerntrainer-Wahlqualifikation-%26nbsp%3bKaufmaennische-Steuerung%26nbsp%3b-%26nbsp%3b-1\" rel=\"noopener\" target=\"_blank\"><img loading=\"lazy\" decoding=\"async\" src=\"\/lp\/wp-content\/uploads\/2023\/08\/2313-Bueromanagement-Lerntrainer-Kaufmaennische-Steuerung.png\" alt=\"Lerntrainer Wahlqualifikation Kaufm\u00e4nnische Steuerung Abschlusspr\u00fcfung Kaufmann \/ Kauffrau f\u00fcr B\u00fcromanagement\" width=\"300\" height=\"201\" class=\"alignnone size-medium wp-image-7552\" \/><\/a><\/div>\r\n<div class=\"slider-cap-l1\"><p>Lerntrainer Wahlqualifikation<\/p><\/div>\r\n<div class=\"slider-cap-l2\"><p>Kaufm\u00e4nnische Steuerung<\/p><\/div>\r\n<a href=\"https:\/\/www.u-form-shop.de\/Kauffrau-%2f-Kaufmann%26nbsp%3bfuer-Bueromanagement-Lerntrainer-Wahlqualifikation-%26nbsp%3bKaufmaennische-Steuerung%26nbsp%3b-%26nbsp%3b-1\" rel=\"noopener\" target=\"_blank\">\r\n<div class=\"slider-btn\"><p>Details<\/p><\/div>\r\n<\/a><\/div>\n<div id='slider_7509_slide05' class='sa_hover_container' style='padding:1% 0.5%; margin:0px 3%; background-color:rgba(0, 105, 180, 0.09); '><div class=\"slider-img\"><a href=\"https:\/\/www.u-form-shop.de\/Kauffrau-%2f-Kaufmann%26nbsp%3bfuer-Bueromanagement-Lerntrainer-Wahlqualifikation-%26nbsp%3bAuftragssteuerung-und-koordination%26nbsp%3b-1\" rel=\"noopener\" target=\"_blank\"><img loading=\"lazy\" decoding=\"async\" src=\"\/lp\/wp-content\/uploads\/2023\/08\/2314-Bueromanagement-Lerntrainer-Auftragssteuerung-und-koordination.png\" alt=\"Lerntrainer Wahlqualifikation Auftragssteuerung und -koordination Abschlusspr\u00fcfung Kaufmann \/ Kauffrau f\u00fcr B\u00fcromanagement\" width=\"300\" height=\"211\" class=\"alignnone size-medium wp-image-7554\" \/><\/a><\/div>\r\n<div class=\"slider-cap-l1\"><p>Lerntrainer Wahlqualifikation<\/p><\/div>\r\n<div class=\"slider-cap-l2\"><p>Auftragssteuerung &amp; -koordination<\/p><\/div>\r\n<a href=\"https:\/\/www.u-form-shop.de\/Kauffrau-%2f-Kaufmann%26nbsp%3bfuer-Bueromanagement-Lerntrainer-Wahlqualifikation-%26nbsp%3bAuftragssteuerung-und-koordination%26nbsp%3b-1\" rel=\"noopener\" target=\"_blank\">\r\n<div class=\"slider-btn\"><p>Details<\/p><\/div>\r\n<\/a><\/div>\n<div id='slider_7509_slide06' class='sa_hover_container' style='padding:1% 0.5%; margin:0px 3%; background-color:rgba(0, 105, 180, 0.03); '><div class=\"slider-img\"><a href=\"https:\/\/www.u-form-shop.de\/Kauffrau-%2f-Kaufmann%26nbsp%3bfuer-Bueromanagement-Lerntrainer-Wahlqualifikation-%26nbsp%3bMarketing-und-Vertrieb%26nbsp%3b-%26nbsp%3b-1\" rel=\"noopener\" target=\"_blank\"><img loading=\"lazy\" decoding=\"async\" src=\"\/lp\/wp-content\/uploads\/2023\/08\/2315-Bueromanagement-Lerntrainer-Marketing-und-Vertrieb.png\" alt=\"Lerntrainer Wahlqualifikation Marketing und Vertrieb Abschlusspr\u00fcfung Kaufmann \/ Kauffrau f\u00fcr B\u00fcromanagement\" width=\"300\" height=\"201\" class=\"alignnone size-medium wp-image-7556\" \/><\/a><\/div>\r\n<div class=\"slider-cap-l1\"><p>Lerntrainer Wahlqualifikation<\/p><\/div>\r\n<div class=\"slider-cap-l2\"><p>Marketing und Vertrieb<\/p><\/div>\r\n<a href=\"https:\/\/www.u-form-shop.de\/Kauffrau-%2f-Kaufmann%26nbsp%3bfuer-Bueromanagement-Lerntrainer-Wahlqualifikation-%26nbsp%3bMarketing-und-Vertrieb%26nbsp%3b-%26nbsp%3b-1\" rel=\"noopener\" target=\"_blank\">\r\n<div class=\"slider-btn\"><p>Details<\/p><\/div>\r\n<\/a><\/div>\n<\/div>\n<\/div>\n<script type='text\/javascript'>\n\tdocument.addEventListener('DOMContentLoaded', function() {\n\t\tjQuery('#slider_7509').owlCarousel({\n\t\t\tresponsive:{\n\t\t\t\t0:{ items:1 },\n\t\t\t\t480:{ items:2 },\n\t\t\t\t768:{ items:2 },\n\t\t\t\t980:{ items:1 },\n\t\t\t\t1200:{ items:1 },\n\t\t\t\t1500:{ items:1 }\n\t\t\t},\n\t\t\tautoplay : true,\n\t\t\tautoplayTimeout : 5000,\n\t\t\tautoplayHoverPause : true,\n\t\t\tsmartSpeed : 200,\n\t\t\tfluidSpeed : 200,\n\t\t\tautoplaySpeed : 200,\n\t\t\tnavSpeed : 200,\n\t\t\tdotsSpeed : 200,\n\t\t\tdotsEach : 1,\n\t\t\tloop : true,\n\t\t\tnav : true,\n\t\t\tnavText : ['Previous','Next'],\n\t\t\tdots : true,\n\t\t\tresponsiveRefreshRate : 200,\n\t\t\tslideBy : 1,\n\t\t\tmergeFit : true,\n\t\t\tautoHeight : false,\n\t\t\tmouseDrag : false,\n\t\t\ttouchDrag : true\n\t\t});\n\t\tjQuery('#slider_7509').css('visibility', 'visible');\n\t\tsa_resize_slider_7509();\n\t\twindow.addEventListener('resize', sa_resize_slider_7509);\n\t\tfunction sa_resize_slider_7509() {\n\t\t\tvar min_height = '50';\n\t\t\tvar win_width = jQuery(window).width();\n\t\t\tvar slider_width = jQuery('#slider_7509').width();\n\t\t\tif (win_width < 480) {\n\t\t\t\tvar slide_width = slider_width \/ 1;\n\t\t\t} else if (win_width < 768) {\n\t\t\t\tvar slide_width = slider_width \/ 2;\n\t\t\t} else if (win_width < 980) {\n\t\t\t\tvar slide_width = slider_width \/ 2;\n\t\t\t} else if (win_width < 1200) {\n\t\t\t\tvar slide_width = slider_width \/ 1;\n\t\t\t} else if (win_width < 1500) {\n\t\t\t\tvar slide_width = slider_width \/ 1;\n\t\t\t} else {\n\t\t\t\tvar slide_width = slider_width \/ 1;\n\t\t\t}\n\t\t\tslide_width = Math.round(slide_width);\n\t\t\tvar slide_height = '0';\n\t\t\tif (min_height == 'aspect43') {\n\t\t\t\tslide_height = (slide_width \/ 4) * 3;\t\t\t\tslide_height = Math.round(slide_height);\n\t\t\t} else if (min_height == 'aspect169') {\n\t\t\t\tslide_height = (slide_width \/ 16) * 9;\t\t\t\tslide_height = Math.round(slide_height);\n\t\t\t} else {\n\t\t\t\tslide_height = (slide_width \/ 100) * min_height;\t\t\t\tslide_height = Math.round(slide_height);\n\t\t\t}\n\t\t\tjQuery('#slider_7509 .owl-item .sa_hover_container').css('min-height', slide_height+'px');\n\t\t}\n\t\tvar owl_goto = jQuery('#slider_7509');\n\t\tjQuery('.slider_7509_goto1').click(function(event){\n\t\t\towl_goto.trigger('to.owl.carousel', 0);\n\t\t});\n\t\tjQuery('.slider_7509_goto2').click(function(event){\n\t\t\towl_goto.trigger('to.owl.carousel', 1);\n\t\t});\n\t\tjQuery('.slider_7509_goto3').click(function(event){\n\t\t\towl_goto.trigger('to.owl.carousel', 2);\n\t\t});\n\t\tjQuery('.slider_7509_goto4').click(function(event){\n\t\t\towl_goto.trigger('to.owl.carousel', 3);\n\t\t});\n\t\tjQuery('.slider_7509_goto5').click(function(event){\n\t\t\towl_goto.trigger('to.owl.carousel', 4);\n\t\t});\n\t\tjQuery('.slider_7509_goto6').click(function(event){\n\t\t\towl_goto.trigger('to.owl.carousel', 5);\n\t\t});\n\t\tvar resize_7509 = jQuery('.owl-carousel');\n\t\tresize_7509.on('initialized.owl.carousel', function(e) {\n\t\t\tif (typeof(Event) === 'function') {\n\t\t\t\twindow.dispatchEvent(new Event('resize'));\n\t\t\t} else {\n\t\t\t\tvar evt = window.document.createEvent('UIEvents');\n\t\t\t\tevt.initUIEvent('resize', true, false, window, 0);\n\t\t\t\twindow.dispatchEvent(evt);\n\t\t\t}\n\t\t});\n\t});\n<\/script>\n\n\n\n\n<p><strong>Grunds\u00e4tzlich gilt:<\/strong> Sei offen und freundlich w\u00e4hrend deiner Pr\u00e4sentation. Schau deinen Pr\u00fcfern in die Augen, denn das wirkt selbstbewusst und l\u00e4sst automatisch auf deine Kompetenz schlie\u00dfen. Menschen, die selbstbewusst auftreten, trauen wir automatisch mehr zu und das ist immer gut f\u00fcr deine Note. <\/p>\n\n\n\n<p><strong>Du wei\u00dft einmal nicht weiter? Kein Problem!<\/strong> Gib einfach ehrlich zu, dass du gerade einen kurzen Blackout hast. Das wirkt ehrlicher und selbstbewusster als zu stammeln oder etwas Falsches zu erz\u00e4hlen. Die Pr\u00fcfer wissen, dass du nerv\u00f6s bist und werden dir auf jeden Fall helfen die Situation zu meistern. <\/p>\n\n\n\n<p>Am besten vermeidest du Blackouts \u00fcbrigens durch eine gute Vorbereitung auf deine Pr\u00e4sentation. Und da gibt es nur ein Erfolgsrezept: <em><strong>\u00dcben, \u00fcben, \u00fcben!<\/strong> <\/em><\/p>\n","protected":false},"excerpt":{"rendered":"<p>Das so genannte \u201eEinsatzgebiet\u201c ist der praktische Teil deiner Abschlusspr\u00fcfung zum Industriekaufmann bzw. zur Industiekauffrau.Hier sollst du mit einem Report, einer Pr\u00e4sentation und einem Fachgespr\u00e4ch beweisen, dass du eine komplexe Fachaufgabe aus dem Fachbereich \u201eGesch\u00e4ftsprozesse\u201c selbstst\u00e4ndig bearbeiten und l\u00f6sen kannst. \u00dcberlege dir im Vorfeld sorgf\u00e4ltig, welches Thema du w\u00e4hlst. Nimm am besten ein Beispiel aus &hellip; <a href=\"https:\/\/lp.u-form.de\/lp\/tipps-fuer-die-muendliche-abschlusspruefung-industriekaufmann-industriekauffrau\/\" class=\"more-link\"><span class=\"screen-reader-text\">Tipps f\u00fcr die m\u00fcndliche Abschlusspr\u00fcfung | Industriekaufmann \/ Industriekauffrau<\/span> weiterlesen<\/a><\/p>\n","protected":false},"author":1,"featured_media":0,"parent":0,"menu_order":0,"comment_status":"closed","ping_status":"closed","template":"","meta":{"inline_featured_image":false,"footnotes":""},"class_list":["post-14527","page","type-page","status-publish","hentry","no-featured-image"],"aioseo_notices":[],"_links":{"self":[{"href":"https:\/\/lp.u-form.de\/lp\/wp-json\/wp\/v2\/pages\/14527","targetHints":{"allow":["GET"]}}],"collection":[{"href":"https:\/\/lp.u-form.de\/lp\/wp-json\/wp\/v2\/pages"}],"about":[{"href":"https:\/\/lp.u-form.de\/lp\/wp-json\/wp\/v2\/types\/page"}],"author":[{"embeddable":true,"href":"https:\/\/lp.u-form.de\/lp\/wp-json\/wp\/v2\/users\/1"}],"replies":[{"embeddable":true,"href":"https:\/\/lp.u-form.de\/lp\/wp-json\/wp\/v2\/comments?post=14527"}],"version-history":[{"count":21,"href":"https:\/\/lp.u-form.de\/lp\/wp-json\/wp\/v2\/pages\/14527\/revisions"}],"predecessor-version":[{"id":15794,"href":"https:\/\/lp.u-form.de\/lp\/wp-json\/wp\/v2\/pages\/14527\/revisions\/15794"}],"wp:attachment":[{"href":"https:\/\/lp.u-form.de\/lp\/wp-json\/wp\/v2\/media?parent=14527"}],"curies":[{"name":"wp","href":"https:\/\/api.w.org\/{rel}","templated":true}]}}