{"id":16097,"date":"2020-03-31T13:05:38","date_gmt":"2020-03-31T12:05:38","guid":{"rendered":"http:\/\/lp.u-form.de\/lp\/?page_id=16097"},"modified":"2020-03-31T14:49:51","modified_gmt":"2020-03-31T13:49:51","slug":"impressum","status":"publish","type":"page","link":"https:\/\/lp.u-form.de\/lp\/impressum\/","title":{"rendered":"Impressum"},"content":{"rendered":"\n<p class=\"intro-imp\">Sie befinden sich auf einer Internetpr\u00e4senz der U-Form Gruppe Solingen. Bei den hier ver\u00f6ffentlichten Inhalten, handelt es sich um ein kostenloses Informationsangebot f\u00fcr Azubis, zur intensiven Vorbereitung auf die IHK Abschlusspr\u00fcfungen in diversen Berufsbildern. Betreiber der Website und rechtlich verantwortlicher Ansprechpartner f\u00fcr die angebotenen Inhalte ist:<\/p>\n<p><strong>U-Form Verlag Solingen | Hermann Ullrich GmbH &amp; Co. KG<\/strong><br>\nCronenberger Stra\u00dfe 58, 42651 Solingen<\/p>\n<p>Telefon: 0212 &#8211; 22207-0<br>\nTelefax: 0212 &#8211; 22207-63<br>\nE-Mail: <a href=\"mailto:uform@u-form.de\">uform@u-form.de<\/a><\/p>\n\n<p><strong>Handelsregister:<\/strong><br>\nHermann Ullrich GmbH &amp; Co. KG,<br>Amtsgericht Wuppertal, HRA 19374<\/p>\n\n<p><strong>Pers\u00f6nlich haftend:<\/strong><br>\nUllrich Druck und Verlag GmbH,<br>Amtsgericht Wuppertal, HRB 14846<\/p>\n\n<p><strong>Gesch\u00e4ftsf\u00fchrung:<\/strong><br>\nMarie-Luise Hasler | <a href=\"mailto:hasler@u-form.de\">hasler@u-form.de<\/a><br>\nCornelius Scheffel-Ullrich | <a href=\"mailto:scheffel@u-form.de\">scheffel@u-form.de<\/a><\/p>\n\n<p><strong>Verantworlich gem\u00e4\u00df \u00a7 10 Abs. 3 MDStV:<\/strong><br>\nMarie-Luise Hasler | <a href=\"mailto:hasler@u-form.de\">hasler@u-form.de<\/a><\/p>\n\n\n\n<hr class=\"wp-block-separator has-text-color has-background has-medium-gray-background-color has-medium-gray-color is-style-wide\"\/>\n\n\n\n<p><strong>Wichtiger Hinweis zu allen Links<\/strong><br>\nMit Urteil vom 12. Mai 1998 &#8211; 312 O 85\/98 &#8211; &#8222;Haftung f\u00fcr Links&#8220; hat das Landgericht (LG) Hamburg entschieden, dass man durch die Anbringung eines Links, die Inhalte der gelinkten Seite ggf. mit zu verantworten hat. Dies kann &#8211; so das LG &#8211; nur dadurch verhindert werden, dass man sich ausdr\u00fccklich von diesen Inhalten distanziert. Hiermit distanzieren wir uns ausdr\u00fccklich von allen Inhalten aller gelinkten Seiten auf unserer Homepage und machen uns diese Inhalte nicht zu eigen. Diese Erkl\u00e4rung gilt f\u00fcr alle auf dieser Website angebrachten Links.<\/p>\n\n<p><strong>Haftungsausschluss<\/strong><br>\nDie bereitgestellten Informationen auf dieser Website wurden sorgf\u00e4ltig gepr\u00fcft und werden regelm\u00e4\u00dfig aktualisiert. Jedoch kann keine Garantie daf\u00fcr \u00fcbernommen werden, dass alle Angaben zu jeder Zeit vollst\u00e4ndig, richtig und in letzter Aktualit\u00e4t dargestellt sind. Dies gilt insbesondere f\u00fcr alle Verbindungen (&#8222;Links&#8220;) zu anderen Websites, auf die direkt oder indirekt verwiesen wird. Alle Angaben k\u00f6nnen ohne vorherige Ank\u00fcndigung erg\u00e4nzt, entfernt oder ge\u00e4ndert werden. Alle auf dieser Website genannten Produktnamen, Produktbezeichnungen und Logos sind eingetragene Warenzeichen und Eigentum der jeweiligen Rechteinhaber.<\/p>\n<p><strong>Streitbeilegung<\/strong><br>\nDie EU-Kommission stellt eine Internet-Plattform zur Online-Beilegung von Streitigkeiten (sog. OS-Plattform) bereit. Die OS-Plattform soll als Anlaufstelle zur au\u00dfergerichtlichen Beilegung von Streitigkeiten dienen, die vertragliche Verpflichtungen aus Online-Kaufvertr\u00e4gen betreffen. Sie erreichen die Internetplattform der EU-Kommission \u00fcber folgenden <a href=\"https:\/\/ec.europa.eu\/consumers\/odr\/main\/index.cfm?event=main.home.chooseLanguage\" target=\"_blank\" rel=\"noopener\">Link<\/a>. An alternativen Streitschlichtungsverfahren im Sinne des Verbraucherstreitbeilegungsgesetzes (VSBG) nimmt die Hermann Ullrich GmbH &amp; Co. KG nicht teil.<\/p>\n\n\n\n<p><\/p>\n","protected":false},"excerpt":{"rendered":"<p>Sie befinden sich auf einer Internetpr\u00e4senz der U-Form Gruppe Solingen. Bei den hier ver\u00f6ffentlichten Inhalten, handelt es sich um ein kostenloses Informationsangebot f\u00fcr Azubis, zur intensiven Vorbereitung auf die IHK Abschlusspr\u00fcfungen in diversen Berufsbildern. Betreiber der Website und rechtlich verantwortlicher Ansprechpartner f\u00fcr die angebotenen Inhalte ist: U-Form Verlag Solingen | Hermann Ullrich GmbH &amp; Co. &hellip; <a href=\"https:\/\/lp.u-form.de\/lp\/impressum\/\" class=\"more-link\"><span class=\"screen-reader-text\">Impressum<\/span> weiterlesen<\/a><\/p>\n","protected":false},"author":1,"featured_media":0,"parent":0,"menu_order":0,"comment_status":"closed","ping_status":"closed","template":"","meta":{"inline_featured_image":false,"footnotes":""},"class_list":["post-16097","page","type-page","status-publish","hentry","no-featured-image"],"aioseo_notices":[],"_links":{"self":[{"href":"https:\/\/lp.u-form.de\/lp\/wp-json\/wp\/v2\/pages\/16097","targetHints":{"allow":["GET"]}}],"collection":[{"href":"https:\/\/lp.u-form.de\/lp\/wp-json\/wp\/v2\/pages"}],"about":[{"href":"https:\/\/lp.u-form.de\/lp\/wp-json\/wp\/v2\/types\/page"}],"author":[{"embeddable":true,"href":"https:\/\/lp.u-form.de\/lp\/wp-json\/wp\/v2\/users\/1"}],"replies":[{"embeddable":true,"href":"https:\/\/lp.u-form.de\/lp\/wp-json\/wp\/v2\/comments?post=16097"}],"version-history":[{"count":46,"href":"https:\/\/lp.u-form.de\/lp\/wp-json\/wp\/v2\/pages\/16097\/revisions"}],"predecessor-version":[{"id":16170,"href":"https:\/\/lp.u-form.de\/lp\/wp-json\/wp\/v2\/pages\/16097\/revisions\/16170"}],"wp:attachment":[{"href":"https:\/\/lp.u-form.de\/lp\/wp-json\/wp\/v2\/media?parent=16097"}],"curies":[{"name":"wp","href":"https:\/\/api.w.org\/{rel}","templated":true}]}}