{"id":4899,"date":"2019-08-06T10:26:21","date_gmt":"2019-08-06T08:26:21","guid":{"rendered":"http:\/\/www.lp.u-form.de\/?page_id=4899"},"modified":"2023-08-04T08:12:30","modified_gmt":"2023-08-04T07:12:30","slug":"portal-rund-um-die-ausbildung","status":"publish","type":"page","link":"https:\/\/lp.u-form.de\/lp\/","title":{"rendered":"Portal rund um die Ausbildung"},"content":{"rendered":"\n<h1 class=\"frontpage-h1\">Mit u-form zum Pr\u00fcfungserfolg!<\/h1>\n\n\n<p class=\"start-content\">Du machst eine <strong>kaufm\u00e4nnische Ausbildung<\/strong> in einem der aufgef\u00fchrten Berufe und stehst kurz vor der <strong>Abschlusspr\u00fcfung<\/strong>? Du bist nerv\u00f6s, weil du nicht genau wei\u00dft, was dich erwartet und ob du gut vorbereitet bist?<\/p>\n<p class=\"start-content\"><i class=\"fas fa-sad-tear\"><\/i> <em><strong>Keine Sorge, wir helfen dir gerne weiter!<\/strong><\/em><\/p>\n<p class=\"start-content\">Auf dieser Seite findest du wichtige Infos rund um die IHK-Pr\u00fcfung in deinem Ausbildungsberuf, kostenlose Pr\u00fcfungsaufgaben und viele Pr\u00fcfungstipps, damit deine Abschlusspr\u00fcfung ein voller Erfolg wird!<\/p>","protected":false},"excerpt":{"rendered":"<p>Mit u-form zum Pr\u00fcfungserfolg! Du machst eine kaufm\u00e4nnische Ausbildung in einem der aufgef\u00fchrten Berufe und stehst kurz vor der Abschlusspr\u00fcfung? Du bist nerv\u00f6s, weil du nicht genau wei\u00dft, was dich erwartet und ob du gut vorbereitet bist? Keine Sorge, wir helfen dir gerne weiter! Auf dieser Seite findest du wichtige Infos rund um die IHK-Pr\u00fcfung &hellip; <a href=\"https:\/\/lp.u-form.de\/lp\/\" class=\"more-link\"><span class=\"screen-reader-text\">Portal rund um die Ausbildung<\/span> weiterlesen<\/a><\/p>\n","protected":false},"author":1,"featured_media":0,"parent":0,"menu_order":0,"comment_status":"closed","ping_status":"closed","template":"","meta":{"inline_featured_image":false,"footnotes":""},"class_list":["post-4899","page","type-page","status-publish","hentry","no-featured-image"],"aioseo_notices":[],"_links":{"self":[{"href":"https:\/\/lp.u-form.de\/lp\/wp-json\/wp\/v2\/pages\/4899","targetHints":{"allow":["GET"]}}],"collection":[{"href":"https:\/\/lp.u-form.de\/lp\/wp-json\/wp\/v2\/pages"}],"about":[{"href":"https:\/\/lp.u-form.de\/lp\/wp-json\/wp\/v2\/types\/page"}],"author":[{"embeddable":true,"href":"https:\/\/lp.u-form.de\/lp\/wp-json\/wp\/v2\/users\/1"}],"replies":[{"embeddable":true,"href":"https:\/\/lp.u-form.de\/lp\/wp-json\/wp\/v2\/comments?post=4899"}],"version-history":[{"count":44,"href":"https:\/\/lp.u-form.de\/lp\/wp-json\/wp\/v2\/pages\/4899\/revisions"}],"predecessor-version":[{"id":16412,"href":"https:\/\/lp.u-form.de\/lp\/wp-json\/wp\/v2\/pages\/4899\/revisions\/16412"}],"wp:attachment":[{"href":"https:\/\/lp.u-form.de\/lp\/wp-json\/wp\/v2\/media?parent=4899"}],"curies":[{"name":"wp","href":"https:\/\/api.w.org\/{rel}","templated":true}]}}