{"id":69,"date":"2019-07-17T15:35:49","date_gmt":"2019-07-17T13:35:49","guid":{"rendered":"http:\/\/www.lp.u-form.de\/?page_id=69"},"modified":"2023-08-04T10:43:40","modified_gmt":"2023-08-04T09:43:40","slug":"tipps-fuer-die-schriftliche-ihk-abschlusspruefung","status":"publish","type":"page","link":"https:\/\/lp.u-form.de\/lp\/tipps-fuer-die-schriftliche-ihk-abschlusspruefung\/","title":{"rendered":"Tipps f\u00fcr die schriftliche IHK Abschlusspr\u00fcfung"},"content":{"rendered":"\n<img decoding=\"async\" src=\"\/lp\/wp-content\/uploads\/2019\/08\/bg_schr_test-e1565602577955.jpg\" alt=\"Tipps f\u00fcr die schriftliche Abschlusspr\u00fcfung\" class=\"title-img-page-id-69\" width=\"100%\" height=\"auto\">\n\n\n\n<p class=\"subhead-schriftl-ap\">Damit deine schriftliche Abschlusspr\u00fcfung auf jeden Fall ein Erfolg wird, solltest du die folgenden Tipps beachten:<\/p>\n\n\n\n<ul class=\"tipps-schr-inhalt\"><li><a href=\"#tipp-1\">Nutze Notizen, Randbemerkungen und Unterstreichungen<\/a><\/li><li><a href=\"#tipp-2\">Behalte die Zeit im Blick<\/a><\/li><li><a href=\"#tipp-3\">Lies sorgf\u00e4ltig und unterstreiche Wichtiges<\/a><\/li><li><a href=\"#tipp-4\">Beginne mit einer Aufgabe die dir leicht f\u00e4llt<\/a><\/li><li><a href=\"#tipp-5\">Nimm die Aufgabenstellung w\u00f6rtlich<\/a><\/li><li><a href=\"#tipp-6\">Vertrauen ist gut, Kontrolle ist besser<\/a><\/li><li><a href=\"#tipp-7\">Lass keine Aufgaben aus<\/a><\/li><\/ul>\n\n\n\n<hr class=\"wp-block-separator has-css-opacity is-style-wide\"\/>\n\n\n\n<div class=\"tipp-headline-blue\"><h3 id=\"tipp-1\"><i class=\"fas fa-edit\"><\/i>Nutze Notizen, Randbemerkungen und Unterstreichungen<\/h3><\/div>\n\n\n\n<p>Nutze am besten den ganzen Pr\u00fcfungsbogen. Er geh\u00f6rt dir und du kannst alles draufschreiben oder unterstreichen, was dir wichtig ist. <\/p>\n\n\n\n<hr class=\"wp-block-separator has-css-opacity is-style-wide\"\/>\n\n\n\n<div class=\"tipp-headline-blue\"><h3 id=\"tipp-2\"><i class=\"fas fa-user-clock\"><\/i>Behalte die Zeit im Blick<\/h3><\/div>\n\n\n\n<p>Achte darauf, dass du dich nicht in eine Aufgabe zu sehr verbei\u00dft. Das kostet viel wertvolle Zeit, die dir dann an anderer Stelle fehlt. Also erst mal weitermachen und sp\u00e4ter noch mal versuchen.<\/p>\n\n\n\n<hr class=\"wp-block-separator has-css-opacity is-style-wide\"\/>\n\n\n\n<div class=\"tipp-headline-blue\"><h3 id=\"tipp-3\"><i class=\"fas fa-highlighter\"><\/i>Lies sorgf\u00e4ltig und unterstreiche Wichtiges<\/h3><\/div>\n\n\n\n<p>Oft werden Aufgaben falsch beantwortet, weil der Aufgabentext oder die L\u00f6sungsalternativen nicht sorgf\u00e4ltig gelesen wurden. Das ist besonders \u00e4rgerlich, wenn du es doch eigentlich besser gewusst h\u00e4ttest. Achte besonders auf Worte wie \u201enicht\u201c, \u201eimmer\u201c oder \u201enur\u201c die unser Gehirn sehr gerne nicht wahrnimmt, die aber die Aufgaben ganz anders darstellen k\u00f6nnen.<\/p>\n\n\n\n<div class=\"tablet-img\"><a href=\"https:\/\/www.u-form-shop.de\/erfolgspakete\"><img decoding=\"async\" src=\"https:\/\/lp.u-form.de\/lp\/wp-content\/uploads\/2023\/08\/Banner-Erfolgspakete-Berufe-LPs-Desktop-2023.png\" alt=\"u-form Erfolgspakete mit Erfolgsgarantie\"><\/a><\/div>\n\n\n\n<div class=\"mobile-img\"><a href=\"https:\/\/www.u-form-shop.de\/erfolgspakete\"><img decoding=\"async\" src=\"https:\/\/lp.u-form.de\/lp\/wp-content\/uploads\/2023\/08\/Banner-Erfolgspakete-Berufe-LPs2-Mobil-2023.png\" alt=\"u-form Erfolgspakete mit Erfolgsgarantie\"><\/a><\/div>\n\n\n\n<hr class=\"wp-block-separator has-css-opacity is-style-wide\"\/>\n\n\n\n<div class=\"tipp-headline-blue\"><h3 id=\"tipp-4\"><i class=\"far fa-smile-beam\"><\/i>Beginne mit einer Aufgabe die dir leicht f\u00e4llt<\/h3><\/div>\n\n\n\n<p>Gerade wenn du in Pr\u00fcfungen mit einem Black-Out Gef\u00fchl zu k\u00e4mpfen hast, ist es wichtig, dass du mit einer Aufgabe anf\u00e4ngst, die du kannst und die dir so Sicherheit gibt. Das motiviert und erh\u00f6ht dein Selbstvertrauen. Wenn du die ersten Aufgaben erfolgreich gel\u00f6st hast, dann greif die schwierigen Aufgaben an.<\/p>\n\n\n\n<hr class=\"wp-block-separator has-css-opacity is-style-wide\"\/>\n\n\n\n<div class=\"tipp-headline-blue\"><h3 id=\"tipp-5\"><i class=\"far fa-comment-dots\"><\/i>Nimm die Aufgabenstellung w\u00f6rtlich<\/h3><\/div>\n\n\n\n<p>Steht in der Aufgabe \u201enennen\u201c so geht es wirklich nur darum Fakten aufzuz\u00e4heln und nicht darum sie zu beschreiben. Wenn du mehr Text schreibst, kostet das Zeit hat aber keinen Einfluss auf die Punkte. Schau aber, dass du auf jeden Fall die Anzahl der geforderten Fakten auch hast. F\u00fcnf hei\u00dft f\u00fcnf und nicht vier! Sollst du etwas beschreiben reicht es aber nicht aus, wenn du nur ein Wort niederschreibst.<\/p>\n\n\n\n<hr class=\"wp-block-separator has-css-opacity is-style-wide\"\/>\n\n\n\n<div class=\"tipp-headline-blue\"><h3 id=\"tipp-6\"><i class=\"fas fa-check-double\"><\/i>Vertrauen ist gut, Kontrolle ist besser<\/h3><\/div>\n\n\n\n<p>Wenn am Ende noch Zeit \u00fcbrig bleibt, kontrolliere noch einmal deine Ergebnisse. Bei Rechenaufgaben kann es Sinn machen, diese einmal r\u00fcckw\u00e4rts zu rechnen. Kommst du nicht auf die vorgegebenen Werte, ist sicher ein Fehler drin.<\/p>\n\n\n\n<hr class=\"wp-block-separator has-css-opacity is-style-wide\"\/>\n\n\n\n<div class=\"tipp-headline-blue\"><h3 id=\"tipp-7\"><i class=\"fas fa-tasks\"><\/i>Lass keine Aufgaben aus<\/h3><\/div>\n\n\n\n<p>Bei Aufgaben, die als Multiple Choice gestellt werden (z.B. wenn du aus verschiedenen Antworten die Richtige ausw\u00e4hlen musst), solltest du immer etwas in die L\u00f6sungsk\u00e4stchen eintragen. Tr\u00e4gst du nichts ein, bekommst du auf keinen Fall einen Punkt. Gibst du eine Antwort hast du durch die Ratewahrscheinlichkeit immer noch die Chance einen Punkt zu bekommen.<\/p>\n","protected":false},"excerpt":{"rendered":"<p>Damit deine schriftliche Abschlusspr\u00fcfung auf jeden Fall ein Erfolg wird, solltest du die folgenden Tipps beachten: Nutze Notizen, Randbemerkungen und Unterstreichungen Behalte die Zeit im Blick Lies sorgf\u00e4ltig und unterstreiche Wichtiges Beginne mit einer Aufgabe die dir leicht f\u00e4llt Nimm die Aufgabenstellung w\u00f6rtlich Vertrauen ist gut, Kontrolle ist besser Lass keine Aufgaben aus Nutze Notizen, &hellip; <a href=\"https:\/\/lp.u-form.de\/lp\/tipps-fuer-die-schriftliche-ihk-abschlusspruefung\/\" class=\"more-link\"><span class=\"screen-reader-text\">Tipps f\u00fcr die schriftliche IHK Abschlusspr\u00fcfung<\/span> weiterlesen<\/a><\/p>\n","protected":false},"author":1,"featured_media":0,"parent":0,"menu_order":0,"comment_status":"closed","ping_status":"closed","template":"","meta":{"inline_featured_image":false,"footnotes":""},"class_list":["post-69","page","type-page","status-publish","hentry","no-featured-image"],"aioseo_notices":[],"_links":{"self":[{"href":"https:\/\/lp.u-form.de\/lp\/wp-json\/wp\/v2\/pages\/69","targetHints":{"allow":["GET"]}}],"collection":[{"href":"https:\/\/lp.u-form.de\/lp\/wp-json\/wp\/v2\/pages"}],"about":[{"href":"https:\/\/lp.u-form.de\/lp\/wp-json\/wp\/v2\/types\/page"}],"author":[{"embeddable":true,"href":"https:\/\/lp.u-form.de\/lp\/wp-json\/wp\/v2\/users\/1"}],"replies":[{"embeddable":true,"href":"https:\/\/lp.u-form.de\/lp\/wp-json\/wp\/v2\/comments?post=69"}],"version-history":[{"count":209,"href":"https:\/\/lp.u-form.de\/lp\/wp-json\/wp\/v2\/pages\/69\/revisions"}],"predecessor-version":[{"id":16446,"href":"https:\/\/lp.u-form.de\/lp\/wp-json\/wp\/v2\/pages\/69\/revisions\/16446"}],"wp:attachment":[{"href":"https:\/\/lp.u-form.de\/lp\/wp-json\/wp\/v2\/media?parent=69"}],"curies":[{"name":"wp","href":"https:\/\/api.w.org\/{rel}","templated":true}]}}